{"id":936,"date":"2015-06-24T13:57:25","date_gmt":"2015-06-24T13:57:25","guid":{"rendered":"http:\/\/alfredogarcia.com\/english\/?page_id=936"},"modified":"2019-11-03T18:29:55","modified_gmt":"2019-11-03T18:29:55","slug":"discography","status":"publish","type":"page","link":"https:\/\/alfredogarcia.com\/english\/discography\/","title":{"rendered":"Discography"},"content":{"rendered":"[et_pb_section fb_built=&#8221;1&#8243; fullwidth=&#8221;on&#8221; custom_padding_last_edited=&#8221;on|desktop&#8221; disabled_on=&#8221;on|off|off&#8221; admin_label=&#8221;section&#8221; _builder_version=&#8221;4.0.5&#8243; custom_padding_tablet=&#8221;50px|0|50px|0&#8243; custom_padding_phone=&#8221;&#8221; transparent_background=&#8221;off&#8221; padding_mobile=&#8221;off&#8221; make_fullwidth=&#8221;off&#8221; use_custom_width=&#8221;off&#8221; width_unit=&#8221;on&#8221;][et_pb_fullwidth_header title=&#8221;DISCOGRAPHY&#8221; text_orientation=&#8221;right&#8221; header_fullscreen=&#8221;on&#8221; header_scroll_down=&#8221;on&#8221; scroll_down_icon=&#8221;%%1%%&#8221; image_orientation=&#8221;bottom&#8221; content_max_width=&#8221;none&#8221; admin_label=&#8221;T\u00edtulo de anchura completa&#8221; _builder_version=&#8221;3.16&#8243; title_font_size=&#8221;44&#8243; content_font=&#8221;Old Standard TT|on|||&#8221; content_font_size=&#8221;16&#8243; background_color=&#8221;rgba(255, 255, 255, 0)&#8221; background_image=&#8221;https:\/\/alfredogarcia.com\/english\/wp-content\/uploads\/sites\/5\/2015\/06\/Alfredo-x.jpg&#8221; parallax=&#8221;on&#8221; background_url=&#8221;https:\/\/alfredogarcia.com\/english\/wp-content\/uploads\/sites\/5\/2015\/06\/Alfredo-x.jpg&#8221; button_one_letter_spacing_hover=&#8221;0&#8243; button_two_letter_spacing_hover=&#8221;0&#8243; button_one_text_size__hover_enabled=&#8221;off&#8221; button_two_text_size__hover_enabled=&#8221;off&#8221; button_one_text_color__hover_enabled=&#8221;off&#8221; button_two_text_color__hover_enabled=&#8221;off&#8221; button_one_border_width__hover_enabled=&#8221;off&#8221; button_two_border_width__hover_enabled=&#8221;off&#8221; button_one_border_color__hover_enabled=&#8221;off&#8221; button_two_border_color__hover_enabled=&#8221;off&#8221; button_one_border_radius__hover_enabled=&#8221;off&#8221; button_two_border_radius__hover_enabled=&#8221;off&#8221; button_one_letter_spacing__hover_enabled=&#8221;on&#8221; button_one_letter_spacing__hover=&#8221;0&#8243; button_two_letter_spacing__hover_enabled=&#8221;on&#8221; button_two_letter_spacing__hover=&#8221;0&#8243; button_one_bg_color__hover_enabled=&#8221;off&#8221; button_two_bg_color__hover_enabled=&#8221;off&#8221;] <span style=\"font-size: 12pt;\">_____________________________________<\/span> Alfredo Garcia triumphs in Vienna for the premiere of El Barberillo de Lavapi\u00e9s <span style=\"font-size: 12pt;\"><strong>\u00a0 \u00a0 \u00a0 \u00a0 \u00a0 \u00a0 \u00a0 \u00a0 \u00a0 \u00a0 \u00a0 \u00a0 \u00a0 \u00a0 \u00a0 \u00a0 \u00a0 \u00a0 \u00a0 \u00a0 \u00a0 \u00a0 \u00a0 \u00a0 \u00a0 \u00a0 \u00a0 \u00a0 \u00a0 \u00a0 \u00a0 \u00a0 \u00a0 \u00a0 \u00a0 \u00a0 \u00a0 \u00a0 \u00a0 \u00a0 \u00a0 \u00a0 \u00a0 \u00a0 \u00a0 \u00a0 \u00a0 \u00a0 Mundo Cl\u00e1sico<\/strong><\/span> <hr class=\"wc-shortcodes-spacing \" style=\"height: 380px\" \/> [\/et_pb_fullwidth_header][\/et_pb_section][et_pb_section fb_built=&#8221;1&#8243; fullwidth=&#8221;on&#8221; custom_padding_last_edited=&#8221;on|desktop&#8221; disabled_on=&#8221;|on|on&#8221; admin_label=&#8221;section&#8221; _builder_version=&#8221;4.0.5&#8243; custom_padding_tablet=&#8221;50px|0|50px|0&#8243; custom_padding_phone=&#8221;&#8221; transparent_background=&#8221;off&#8221; padding_mobile=&#8221;off&#8221; locked=&#8221;off&#8221;][et_pb_fullwidth_header title=&#8221;DISCOGRAPHY&#8221; text_orientation=&#8221;right&#8221; header_fullscreen=&#8221;on&#8221; header_scroll_down=&#8221;on&#8221; scroll_down_icon=&#8221;%%1%%&#8221; background_overlay_color=&#8221;rgba(0,0,0,0.2)&#8221; content_orientation=&#8221;bottom&#8221; image_orientation=&#8221;bottom&#8221; admin_label=&#8221;T\u00edtulo de anchura completa&#8221; _builder_version=&#8221;4.0.5&#8243; title_font_size=&#8221;44&#8243; content_font=&#8221;Old Standard TT|on|||&#8221; content_font_size=&#8221;16&#8243; background_color=&#8221;rgba(255, 255, 255, 0)&#8221; background_image=&#8221;https:\/\/alfredogarcia.com\/wp-content\/uploads\/2015\/07\/Alfredo-Idezzz.jpg&#8221; parallax=&#8221;on&#8221; custom_margin=&#8221;0px||||false|false&#8221; custom_padding=&#8221;0px||||false|false&#8221; hover_enabled=&#8221;0&#8243; title_font_size_tablet=&#8221;&#8221; title_font_size_phone=&#8221;38&#8243; title_font_size_last_edited=&#8221;on|phone&#8221; custom_css_title=&#8221;padding-top:200px&#8221; background_url=&#8221;https:\/\/alfredogarcia.com\/wp-content\/uploads\/2015\/06\/Alfredo-x.jpg&#8221; button_one_letter_spacing_hover=&#8221;0&#8243; button_two_letter_spacing_hover=&#8221;0&#8243; button_one_text_size__hover_enabled=&#8221;off&#8221; button_two_text_size__hover_enabled=&#8221;off&#8221; button_one_text_color__hover_enabled=&#8221;off&#8221; button_two_text_color__hover_enabled=&#8221;off&#8221; button_one_border_width__hover_enabled=&#8221;off&#8221; button_two_border_width__hover_enabled=&#8221;off&#8221; button_one_border_color__hover_enabled=&#8221;off&#8221; button_two_border_color__hover_enabled=&#8221;off&#8221; button_one_border_radius__hover_enabled=&#8221;off&#8221; button_two_border_radius__hover_enabled=&#8221;off&#8221; button_one_letter_spacing__hover_enabled=&#8221;on&#8221; button_one_letter_spacing__hover=&#8221;0&#8243; button_two_letter_spacing__hover_enabled=&#8221;on&#8221; button_two_letter_spacing__hover=&#8221;0&#8243; button_one_bg_color__hover_enabled=&#8221;off&#8221; button_two_bg_color__hover_enabled=&#8221;off&#8221;]\n<p>__________________________________<\/p>\n<p>Alfredo Garcia triumphs in Vienna for<\/p>\n<p>the premiere of El Barberillo de Lavapi\u00e9s <span style=\"font-size: 12pt;\"><strong>\u00a0 \u00a0 \u00a0 \u00a0 \u00a0 \u00a0 \u00a0 \u00a0 \u00a0 \u00a0 \u00a0 \u00a0 \u00a0 \u00a0 \u00a0 \u00a0 \u00a0 \u00a0 \u00a0 \u00a0 \u00a0 \u00a0 \u00a0 \u00a0 \u00a0 \u00a0 \u00a0 \u00a0 \u00a0 \u00a0 \u00a0 \u00a0 \u00a0 \u00a0 \u00a0 \u00a0 \u00a0 \u00a0 \u00a0 \u00a0 \u00a0 \u00a0 \u00a0 \u00a0 \u00a0 \u00a0 \u00a0 \u00a0<\/strong><\/span><\/p>\n<p><span style=\"font-size: 12pt;\"><strong> Mundo Cl\u00e1sico<\/strong><\/span><\/p>\n[\/et_pb_fullwidth_header][\/et_pb_section][et_pb_section fb_built=&#8221;1&#8243; admin_label=&#8221;section&#8221; _builder_version=&#8221;3.22&#8243;][et_pb_row column_structure=&#8221;1_3,1_3,1_3&#8243; admin_label=&#8221;row&#8221; _builder_version=&#8221;3.25&#8243; background_size=&#8221;initial&#8221; background_position=&#8221;top_left&#8221; background_repeat=&#8221;repeat&#8221;][et_pb_column type=&#8221;1_3&#8243; _builder_version=&#8221;3.25&#8243; custom_padding=&#8221;|||&#8221; custom_padding__hover=&#8221;|||&#8221;][et_pb_blurb title=&#8221;DE LA DULCE MI ENEMIGA&#8221; image=&#8221;https:\/\/alfredogarcia.com\/english\/wp-content\/uploads\/sites\/5\/2015\/06\/CD-Mujeres-Cervantinasd.jpg&#8221; image_max_width=&#8221;none&#8221; admin_label=&#8221;Anuncio&#8221; _builder_version=&#8221;3.0.87&#8243; background_size=&#8221;initial&#8221; background_position=&#8221;top_left&#8221; background_repeat=&#8221;repeat&#8221; text_orientation=&#8221;center&#8221; border_width_all=&#8221;0px&#8221; border_color_all=&#8221;#e5e5e5&#8243; border_style_all=&#8221;solid&#8221; use_border_color=&#8221;on&#8221; border_color=&#8221;#e5e5e5&#8243; border_style=&#8221;solid&#8221;]\n<h2 style=\"text-align: center;\">Songs centred on the theme of Cervantes<\/h2>\n<p style=\"text-align: center;\">Compilation of Cervantes inspired songs , with texts mainly taken from &#8220;Don Quijote&#8221; and brought to life by the Universidad Aut\u00f3noma de Madrid.<\/p>\n<p style=\"text-align: center;\"><div class='et-box et-shadow'>\n\t\t\t\t\t<div class='et-box-content'><h3 style=\"text-align: center;\">Performers<\/h3>\n<p style=\"text-align: center;\"><b>Elena Gragera<\/b>,\u00a0mezzo-soprano<\/p>\n<p style=\"text-align: center;\"><b>Alfredo Garc\u00eda, <\/b>baritone<\/p>\n<p style=\"text-align: center;\"><b>Ant\u00f3n Card\u00f3, <\/b>piano<\/p>\n<p style=\"text-align: center;\"><b>Isabel Gil, <\/b>guitar<\/p>\n<p style=\"text-align: center;\"><b>Laura Sierra,\u00a0<\/b>piano<\/p>\n<p style=\"text-align: center;\"><a href=\"https:\/\/open.spotify.com\/user\/1110591690\/playlist\/6TzmmSYaIquHF7RwA2B6nM\" rel=\"attachment wp-att-1885\"><img decoding=\"async\" loading=\"lazy\" class=\"alignnone wp-image-1885\" src=\"http:\/\/alfredogarcia.com\/wp-content\/uploads\/2015\/06\/spotify-logo-primary-vertical-dark-background-rgb-1.jpg\" alt=\"spotify-logo-primary-vertical-dark-background-rgb-1\" width=\"69\" height=\"84\" \/><\/a><b><\/b><\/div><\/div>\n<p style=\"text-align: center;\">The selected composers are the Spanish born Matilde Salvador, Carmen Marina Gioconda, Zulema de la Cruz, Beatriz Arzamendi and the Mexican born Ana Lara.<\/p>\n<p style=\"text-align: center;\">[\/et_pb_blurb][et_pb_blurb title=&#8221;SONGS BY FRANCISCO GARC\u00cdA MU\u00d1OZ&#8221; image=&#8221;https:\/\/alfredogarcia.com\/english\/wp-content\/uploads\/sites\/5\/2015\/06\/F-Garc\u00eda-Mu\u00f1oz-canciones-l\u00edricas_P\u00e1gina_11.png&#8221; image_max_width=&#8221;none&#8221; admin_label=&#8221;Anuncio&#8221; _builder_version=&#8221;3.0.87&#8243; background_size=&#8221;initial&#8221; background_position=&#8221;top_left&#8221; background_repeat=&#8221;repeat&#8221; text_orientation=&#8221;center&#8221; border_width_all=&#8221;0px&#8221; border_color_all=&#8221;#e5e5e5&#8243; border_style_all=&#8221;solid&#8221; use_border_color=&#8221;on&#8221; border_color=&#8221;#e5e5e5&#8243; border_style=&#8221;solid&#8221;]\n<h2 style=\"text-align: center;\">Complete songs<\/h2>\n<p style=\"text-align: center;\"><div class='et-box et-shadow'>\n\t\t\t\t\t<div class='et-box-content'><h3 style=\"text-align: center;\">Performers<\/h3>\n<p style=\"text-align: center;\"><b>Charo Tris<\/b>, soprano<\/p>\n<p style=\"text-align: center;\"><b>Alfredo Garc\u00eda, <\/b>baritone<\/p>\n<p style=\"text-align: center;\"><b>V\u00edctor Carbajo,\u00a0<\/b>piano<\/p>\n<p style=\"text-align: center;\"><\/div><\/div>\n<p style=\"text-align: center;\">.<hr class=\"wc-shortcodes-spacing \" style=\"height: 64px\" \/>\n<p style=\"text-align: center;\">[\/et_pb_blurb][\/et_pb_column][et_pb_column type=&#8221;1_3&#8243; _builder_version=&#8221;3.25&#8243; custom_padding=&#8221;|||&#8221; custom_padding__hover=&#8221;|||&#8221;][et_pb_blurb title=&#8221;POEMS IN PROSE&#8221; image=&#8221;https:\/\/alfredogarcia.com\/english\/wp-content\/uploads\/sites\/5\/2014\/12\/vrs2141-cover.jpg&#8221; image_max_width=&#8221;none&#8221; admin_label=&#8221;Anuncio&#8221; _builder_version=&#8221;3.0.87&#8243; background_size=&#8221;initial&#8221; background_position=&#8221;top_left&#8221; background_repeat=&#8221;repeat&#8221; text_orientation=&#8221;center&#8221; border_width_all=&#8221;0px&#8221; border_color_all=&#8221;#e5e5e5&#8243; border_style_all=&#8221;solid&#8221; use_border_color=&#8221;on&#8221; border_color=&#8221;#e5e5e5&#8243; border_style=&#8221;solid&#8221;]\n<h3>Cantata by Miguel Pons<\/h3>\n<p style=\"text-align: center;\"><span id=\"result_box\" class=\"\" lang=\"en\" tabindex=\"-1\"><span class=\"hps\">Based on texts by<\/span> <span class=\"hps\">Oscar<\/span> <span class=\"hps\">Wilde<\/span> <span class=\"hps\">for the label<\/span> <span class=\"hps\">Verso<\/span> <span class=\"hps\">and sponsored by the<\/span> <\/span> <b><a href=\"http:\/\/www.fbbva.es\/TLFU\/tlfu\/esp\/publicaciones\/multimedia\/fichamulti\/index.jsp?codigo=743\">Fundaci\u00f3n BBVA<\/a><\/b> .<\/p>\n<p style=\"text-align: center;\"><div class='et-box et-shadow'>\n\t\t\t\t\t<div class='et-box-content'><h3 style=\"text-align: center;\">Performers<\/h3>\n<p style=\"text-align: center;\"><b>Magdalena Llamas<\/b>, soprano<\/p>\n<p style=\"text-align: center;\"><b>Juan Antonio Sanabria<\/b>, tenor<\/p>\n<p style=\"text-align: center;\"><b>Alfredo Garc\u00eda, <\/b>baritone<\/p>\n<p style=\"text-align: center;\"><b>Orquesta y Coro de la Comunidad de Madrid<\/b><\/p>\n<p style=\"text-align: center;\"><b>Jos\u00e9 Ram\u00f3n Encinar, <\/b>conductor<\/p>\n<p style=\"text-align: center;\"><a href=\"https:\/\/open.spotify.com\/user\/1110591690\/playlist\/2rO0ptbVkYVe04su1dh6Li\"><img decoding=\"async\" loading=\"lazy\" class=\"wp-image-1885 aligncenter\" src=\"https:\/\/alfredogarcia.com\/english\/wp-content\/uploads\/sites\/5\/2015\/06\/spotify-logo-primary-vertical-dark-background-rgb-1.jpg\" alt=\"spotify-logo-primary-vertical-dark-background-rgb-1\" width=\"69\" height=\"84\" \/><\/a><\/div><\/div> <span style=\"color: #ffffff;\">dfvadvsdfvsdfsgfdgf<\/span><\/p>\n<p style=\"text-align: center;\">[\/et_pb_blurb][\/et_pb_column][et_pb_column type=&#8221;1_3&#8243; _builder_version=&#8221;3.25&#8243; custom_padding=&#8221;|||&#8221; custom_padding__hover=&#8221;|||&#8221;][et_pb_blurb title=&#8221;DIEZ AUTORES CON DIEZ OBRAS&#8221; image=&#8221;https:\/\/alfredogarcia.com\/english\/wp-content\/uploads\/sites\/5\/2014\/12\/diez-poetas-diez-m\u00fasicos.jpg&#8221; image_max_width=&#8221;none&#8221; admin_label=&#8221;Anuncio&#8221; _builder_version=&#8221;3.0.87&#8243; background_size=&#8221;initial&#8221; background_position=&#8221;top_left&#8221; background_repeat=&#8221;repeat&#8221; text_orientation=&#8221;center&#8221; border_width_all=&#8221;0px&#8221; border_color_all=&#8221;#e5e5e5&#8243; border_style_all=&#8221;solid&#8221; use_border_color=&#8221;on&#8221; border_color=&#8221;#e5e5e5&#8243; border_style=&#8221;solid&#8221;] Songs composed by ten composers of our time that have set to music the verses of ten other contemporary poets.\u00a0\u00a0The project included the publication of a book with \u00a0verses selected\u00a0carefully among the texts written by the participant poets and also includes the CD.<\/p>\n<p style=\"text-align: center;\"><div class='et-box et-shadow'>\n\t\t\t\t\t<div class='et-box-content'><h3 style=\"text-align: center;\">Performers<\/h3>\n<p style=\"text-align: center;\"><b>Raquel Lojendio<\/b>, soprano<\/p>\n<p style=\"text-align: center;\"><b>Alfredo Garc\u00eda, <\/b>baritone<\/p>\n<p style=\"text-align: center;\"><b>Jorge Robaina, <\/b>piano<\/p>\n<p style=\"text-align: center;\"><b><\/b><\/div><\/div> In collaboration with the SGAE Foundation and Calambur publisher. \u00a0 \u00a0 <span style=\"color: #ffffff;\">x<\/span><\/p>\n<p style=\"text-align: center;\">[\/et_pb_blurb][\/et_pb_column][\/et_pb_row][\/et_pb_section]\n","protected":false},"excerpt":{"rendered":"<p>_____________________________________ Alfredo Garcia triumphs in Vienna for the premiere of El Barberillo de Lavapi\u00e9s \u00a0 \u00a0 \u00a0 \u00a0 \u00a0 \u00a0 \u00a0 \u00a0 \u00a0 \u00a0 \u00a0 \u00a0 \u00a0 \u00a0 \u00a0 \u00a0 \u00a0 \u00a0 \u00a0 \u00a0 \u00a0 \u00a0 \u00a0 \u00a0 \u00a0 \u00a0 \u00a0 \u00a0 \u00a0 \u00a0 \u00a0 \u00a0 \u00a0 \u00a0 \u00a0 \u00a0 \u00a0 \u00a0 \u00a0 \u00a0 \u00a0 [&hellip;]<\/p>\n","protected":false},"author":1,"featured_media":804,"parent":0,"menu_order":0,"comment_status":"open","ping_status":"closed","template":"","meta":{"_et_pb_use_builder":"on","_et_pb_old_content":"","_et_gb_content_width":"","_mi_skip_tracking":false,"_links_to":"","_links_to_target":""},"yoast_head":"<!-- This site is optimized with the Yoast SEO plugin v20.3 - https:\/\/yoast.com\/wordpress\/plugins\/seo\/ -->\n<title>Discography - Alfredo Garc\u00eda<\/title>\n<meta name=\"description\" content=\"Discography of the spanish baritone Alfredo Garc\u00eda with information about his recordings\" \/>\n<meta name=\"robots\" content=\"index, follow, max-snippet:-1, max-image-preview:large, max-video-preview:-1\" \/>\n<link rel=\"canonical\" href=\"https:\/\/alfredogarcia.com\/english\/discography\/\" \/>\n<meta property=\"og:locale\" content=\"en_US\" \/>\n<meta property=\"og:type\" content=\"article\" \/>\n<meta property=\"og:title\" content=\"Discography - Alfredo Garc\u00eda\" \/>\n<meta property=\"og:description\" content=\"Discography of the spanish baritone Alfredo Garc\u00eda with information about his recordings\" \/>\n<meta property=\"og:url\" content=\"https:\/\/alfredogarcia.com\/english\/discography\/\" \/>\n<meta property=\"og:site_name\" content=\"Alfredo Garc\u00eda\" \/>\n<meta property=\"article:modified_time\" content=\"2019-11-03T18:29:55+00:00\" \/>\n<meta property=\"og:image\" content=\"https:\/\/alfredogarcia.com\/english\/wp-content\/uploads\/sites\/5\/2015\/06\/DSC_3237_21.jpg\" \/>\n\t<meta property=\"og:image:width\" content=\"427\" \/>\n\t<meta property=\"og:image:height\" content=\"643\" \/>\n\t<meta property=\"og:image:type\" content=\"image\/jpeg\" \/>\n<meta name=\"twitter:card\" content=\"summary_large_image\" \/>\n<meta name=\"twitter:label1\" content=\"Est. reading time\" \/>\n\t<meta name=\"twitter:data1\" content=\"6 minutes\" \/>\n<script type=\"application\/ld+json\" class=\"yoast-schema-graph\">{\"@context\":\"https:\/\/schema.org\",\"@graph\":[{\"@type\":\"WebPage\",\"@id\":\"https:\/\/alfredogarcia.com\/english\/discography\/\",\"url\":\"https:\/\/alfredogarcia.com\/english\/discography\/\",\"name\":\"Discography - Alfredo Garc\u00eda\",\"isPartOf\":{\"@id\":\"https:\/\/alfredogarcia.com\/english\/#website\"},\"datePublished\":\"2015-06-24T13:57:25+00:00\",\"dateModified\":\"2019-11-03T18:29:55+00:00\",\"description\":\"Discography of the spanish baritone Alfredo Garc\u00eda with information about his recordings\",\"breadcrumb\":{\"@id\":\"https:\/\/alfredogarcia.com\/english\/discography\/#breadcrumb\"},\"inLanguage\":\"en-US\",\"potentialAction\":[{\"@type\":\"ReadAction\",\"target\":[\"https:\/\/alfredogarcia.com\/english\/discography\/\"]}]},{\"@type\":\"BreadcrumbList\",\"@id\":\"https:\/\/alfredogarcia.com\/english\/discography\/#breadcrumb\",\"itemListElement\":[{\"@type\":\"ListItem\",\"position\":1,\"name\":\"Portada\",\"item\":\"https:\/\/alfredogarcia.com\/english\/\"},{\"@type\":\"ListItem\",\"position\":2,\"name\":\"Discography\"}]},{\"@type\":\"WebSite\",\"@id\":\"https:\/\/alfredogarcia.com\/english\/#website\",\"url\":\"https:\/\/alfredogarcia.com\/english\/\",\"name\":\"Alfredo Garc\u00eda\",\"description\":\"Bar\u00edtone\",\"potentialAction\":[{\"@type\":\"SearchAction\",\"target\":{\"@type\":\"EntryPoint\",\"urlTemplate\":\"https:\/\/alfredogarcia.com\/english\/?s={search_term_string}\"},\"query-input\":\"required name=search_term_string\"}],\"inLanguage\":\"en-US\"}]}<\/script>\n<!-- \/ Yoast SEO plugin. -->","yoast_head_json":{"title":"Discography - Alfredo Garc\u00eda","description":"Discography of the spanish baritone Alfredo Garc\u00eda with information about his recordings","robots":{"index":"index","follow":"follow","max-snippet":"max-snippet:-1","max-image-preview":"max-image-preview:large","max-video-preview":"max-video-preview:-1"},"canonical":"https:\/\/alfredogarcia.com\/english\/discography\/","og_locale":"en_US","og_type":"article","og_title":"Discography - Alfredo Garc\u00eda","og_description":"Discography of the spanish baritone Alfredo Garc\u00eda with information about his recordings","og_url":"https:\/\/alfredogarcia.com\/english\/discography\/","og_site_name":"Alfredo Garc\u00eda","article_modified_time":"2019-11-03T18:29:55+00:00","og_image":[{"width":427,"height":643,"url":"https:\/\/alfredogarcia.com\/english\/wp-content\/uploads\/sites\/5\/2015\/06\/DSC_3237_21.jpg","type":"image\/jpeg"}],"twitter_card":"summary_large_image","twitter_misc":{"Est. reading time":"6 minutes"},"schema":{"@context":"https:\/\/schema.org","@graph":[{"@type":"WebPage","@id":"https:\/\/alfredogarcia.com\/english\/discography\/","url":"https:\/\/alfredogarcia.com\/english\/discography\/","name":"Discography - Alfredo Garc\u00eda","isPartOf":{"@id":"https:\/\/alfredogarcia.com\/english\/#website"},"datePublished":"2015-06-24T13:57:25+00:00","dateModified":"2019-11-03T18:29:55+00:00","description":"Discography of the spanish baritone Alfredo Garc\u00eda with information about his recordings","breadcrumb":{"@id":"https:\/\/alfredogarcia.com\/english\/discography\/#breadcrumb"},"inLanguage":"en-US","potentialAction":[{"@type":"ReadAction","target":["https:\/\/alfredogarcia.com\/english\/discography\/"]}]},{"@type":"BreadcrumbList","@id":"https:\/\/alfredogarcia.com\/english\/discography\/#breadcrumb","itemListElement":[{"@type":"ListItem","position":1,"name":"Portada","item":"https:\/\/alfredogarcia.com\/english\/"},{"@type":"ListItem","position":2,"name":"Discography"}]},{"@type":"WebSite","@id":"https:\/\/alfredogarcia.com\/english\/#website","url":"https:\/\/alfredogarcia.com\/english\/","name":"Alfredo Garc\u00eda","description":"Bar\u00edtone","potentialAction":[{"@type":"SearchAction","target":{"@type":"EntryPoint","urlTemplate":"https:\/\/alfredogarcia.com\/english\/?s={search_term_string}"},"query-input":"required name=search_term_string"}],"inLanguage":"en-US"}]}},"_links":{"self":[{"href":"https:\/\/alfredogarcia.com\/english\/wp-json\/wp\/v2\/pages\/936"}],"collection":[{"href":"https:\/\/alfredogarcia.com\/english\/wp-json\/wp\/v2\/pages"}],"about":[{"href":"https:\/\/alfredogarcia.com\/english\/wp-json\/wp\/v2\/types\/page"}],"author":[{"embeddable":true,"href":"https:\/\/alfredogarcia.com\/english\/wp-json\/wp\/v2\/users\/1"}],"replies":[{"embeddable":true,"href":"https:\/\/alfredogarcia.com\/english\/wp-json\/wp\/v2\/comments?post=936"}],"version-history":[{"count":77,"href":"https:\/\/alfredogarcia.com\/english\/wp-json\/wp\/v2\/pages\/936\/revisions"}],"predecessor-version":[{"id":210080,"href":"https:\/\/alfredogarcia.com\/english\/wp-json\/wp\/v2\/pages\/936\/revisions\/210080"}],"wp:featuredmedia":[{"embeddable":true,"href":"https:\/\/alfredogarcia.com\/english\/wp-json\/wp\/v2\/media\/804"}],"wp:attachment":[{"href":"https:\/\/alfredogarcia.com\/english\/wp-json\/wp\/v2\/media?parent=936"}],"curies":[{"name":"wp","href":"https:\/\/api.w.org\/{rel}","templated":true}]}}