{"id":53,"date":"2015-01-04T11:53:17","date_gmt":"2015-01-04T11:53:17","guid":{"rendered":"http:\/\/alfredogarcia.com\/english\/?page_id=53"},"modified":"2019-11-03T17:23:44","modified_gmt":"2019-11-03T17:23:44","slug":"next-concerts","status":"publish","type":"page","link":"https:\/\/alfredogarcia.com\/english\/next-concerts\/","title":{"rendered":"Next concerts"},"content":{"rendered":"[et_pb_section fb_built=&#8221;1&#8243; fullwidth=&#8221;on&#8221; custom_padding_last_edited=&#8221;on|desktop&#8221; disabled_on=&#8221;on||&#8221; admin_label=&#8221;section&#8221; _builder_version=&#8221;4.0.5&#8243; custom_padding_tablet=&#8221;50px|0|50px|0&#8243; hover_enabled=&#8221;0&#8243; transparent_background=&#8221;off&#8221; padding_mobile=&#8221;off&#8221; make_fullwidth=&#8221;off&#8221; use_custom_width=&#8221;off&#8221; width_unit=&#8221;on&#8221;][et_pb_fullwidth_header title=&#8221;The next concerts&#8221; text_orientation=&#8221;right&#8221; header_fullscreen=&#8221;on&#8221; header_scroll_down=&#8221;on&#8221; scroll_down_icon=&#8221;%%1%%&#8221; content_orientation=&#8221;bottom&#8221; image_orientation=&#8221;bottom&#8221; content_max_width=&#8221;none&#8221; admin_label=&#8221;T\u00edtulo de anchura completa&#8221; _builder_version=&#8221;3.16&#8243; title_font=&#8221;|||on|&#8221; title_font_size=&#8221;44&#8243; content_font=&#8221;Old Standard TT|on|||&#8221; content_font_size=&#8221;12&#8243; background_color=&#8221;rgba(255, 255, 255, 0)&#8221; background_image=&#8221;https:\/\/alfredogarcia.com\/english\/wp-content\/uploads\/sites\/5\/2015\/01\/Alfredo-dD.jpg&#8221; parallax=&#8221;on&#8221; background_url=&#8221;https:\/\/alfredogarcia.com\/english\/wp-content\/uploads\/sites\/5\/2015\/01\/Alfredo-dD.jpg&#8221; button_one_letter_spacing_hover=&#8221;0&#8243; button_two_letter_spacing_hover=&#8221;0&#8243; button_one_text_size__hover_enabled=&#8221;off&#8221; button_two_text_size__hover_enabled=&#8221;off&#8221; button_one_text_color__hover_enabled=&#8221;off&#8221; button_two_text_color__hover_enabled=&#8221;off&#8221; button_one_border_width__hover_enabled=&#8221;off&#8221; button_two_border_width__hover_enabled=&#8221;off&#8221; button_one_border_color__hover_enabled=&#8221;off&#8221; button_two_border_color__hover_enabled=&#8221;off&#8221; button_one_border_radius__hover_enabled=&#8221;off&#8221; button_two_border_radius__hover_enabled=&#8221;off&#8221; button_one_letter_spacing__hover_enabled=&#8221;on&#8221; button_one_letter_spacing__hover=&#8221;0&#8243; button_two_letter_spacing__hover_enabled=&#8221;on&#8221; button_two_letter_spacing__hover=&#8221;0&#8243; button_one_bg_color__hover_enabled=&#8221;off&#8221; button_two_bg_color__hover_enabled=&#8221;off&#8221;]<span style=\"font-size: 12pt;\">________________________________________________________________<\/span><\/p>\n<p><span style=\"font-size: 12pt;\">The baritone Alfredo Garc\u00eda was really effective as the owner of a robust <\/span><\/p>\n<p><span style=\"font-size: 12pt;\">instrument, capable of imposing the orchestral masses with authority.\u00a0<\/span><span style=\"font-size: 12pt;\"><strong>Opera actual<\/strong><\/span><br \/>\n[\/et_pb_fullwidth_header][\/et_pb_section][et_pb_section fb_built=&#8221;1&#8243; fullwidth=&#8221;on&#8221; custom_padding_last_edited=&#8221;on|desktop&#8221; disabled_on=&#8221;off|on|on&#8221; admin_label=&#8221;section&#8221; _builder_version=&#8221;4.0.5&#8243; custom_padding_tablet=&#8221;50px|0|50px|0&#8243; hover_enabled=&#8221;0&#8243; transparent_background=&#8221;off&#8221; padding_mobile=&#8221;off&#8221; make_fullwidth=&#8221;off&#8221; use_custom_width=&#8221;off&#8221; width_unit=&#8221;on&#8221;][et_pb_fullwidth_header title=&#8221;The next concerts&#8221; text_orientation=&#8221;right&#8221; header_fullscreen=&#8221;on&#8221; header_scroll_down=&#8221;on&#8221; scroll_down_icon=&#8221;%%1%%&#8221; content_orientation=&#8221;bottom&#8221; image_orientation=&#8221;bottom&#8221; content_max_width=&#8221;none&#8221; admin_label=&#8221;T\u00edtulo de anchura completa&#8221; _builder_version=&#8221;4.0.5&#8243; title_font=&#8221;|||on|&#8221; title_font_size=&#8221;44&#8243; content_font=&#8221;Old Standard TT|on|||&#8221; content_font_size=&#8221;12&#8243; background_color=&#8221;rgba(255, 255, 255, 0)&#8221; background_image=&#8221;https:\/\/alfredogarcia.com\/english\/wp-content\/uploads\/sites\/5\/2019\/11\/Alfredo-dDzzz.jpg&#8221; parallax=&#8221;on&#8221; hover_enabled=&#8221;0&#8243; title_font_size_tablet=&#8221;&#8221; title_font_size_phone=&#8221;36&#8243; title_font_size_last_edited=&#8221;on|phone&#8221; background_url=&#8221;https:\/\/alfredogarcia.com\/english\/wp-content\/uploads\/sites\/5\/2015\/01\/Alfredo-dD.jpg&#8221; button_one_letter_spacing_hover=&#8221;0&#8243; button_two_letter_spacing_hover=&#8221;0&#8243; button_one_text_size__hover_enabled=&#8221;off&#8221; button_two_text_size__hover_enabled=&#8221;off&#8221; button_one_text_color__hover_enabled=&#8221;off&#8221; button_two_text_color__hover_enabled=&#8221;off&#8221; button_one_border_width__hover_enabled=&#8221;off&#8221; button_two_border_width__hover_enabled=&#8221;off&#8221; button_one_border_color__hover_enabled=&#8221;off&#8221; button_two_border_color__hover_enabled=&#8221;off&#8221; button_one_border_radius__hover_enabled=&#8221;off&#8221; button_two_border_radius__hover_enabled=&#8221;off&#8221; button_one_letter_spacing__hover_enabled=&#8221;on&#8221; button_one_letter_spacing__hover=&#8221;0&#8243; button_two_letter_spacing__hover_enabled=&#8221;on&#8221; button_two_letter_spacing__hover=&#8221;0&#8243; button_one_bg_color__hover_enabled=&#8221;off&#8221; button_two_bg_color__hover_enabled=&#8221;off&#8221;]\n<p><span style=\"font-size: 12pt;\">________________________________________<\/span><\/p>\n<p><span style=\"font-size: 12pt;\">The baritone Alfredo Garc\u00eda <\/span><\/p>\n<p><span style=\"font-size: 12pt;\">was really effective as the <\/span><\/p>\n<p><span style=\"font-size: 12pt;\">owner of a robust <\/span><span style=\"font-size: 12pt;\">instrument, <\/span><\/p>\n<p><span style=\"font-size: 12pt;\">capable of imposing the orchestral <\/span><\/p>\n<p><span style=\"font-size: 12pt;\">masses with authority.\u00a0<\/span><span style=\"font-size: 12pt;\"><strong>Opera actual<\/strong><\/span><\/p>\n[\/et_pb_fullwidth_header][\/et_pb_section][et_pb_section fb_built=&#8221;1&#8243; custom_padding_last_edited=&#8221;on|desktop&#8221; admin_label=&#8221;section&#8221; _builder_version=&#8221;3.22&#8243; custom_padding_tablet=&#8221;50px|0|50px|0&#8243; transparent_background=&#8221;off&#8221; padding_mobile=&#8221;off&#8221; make_fullwidth=&#8221;off&#8221; use_custom_width=&#8221;off&#8221; width_unit=&#8221;on&#8221;][et_pb_row admin_label=&#8221;row&#8221; _builder_version=&#8221;3.25&#8243; background_size=&#8221;initial&#8221; background_position=&#8221;top_left&#8221; background_repeat=&#8221;repeat&#8221;][et_pb_column type=&#8221;4_4&#8243; _builder_version=&#8221;3.25&#8243; custom_padding=&#8221;|||&#8221; custom_padding__hover=&#8221;|||&#8221;][et_pb_blog fullwidth=&#8221;off&#8221; include_categories=&#8221;20&#8243; show_more=&#8221;on&#8221; show_author=&#8221;off&#8221; show_date=&#8221;off&#8221; show_categories=&#8221;off&#8221; use_overlay=&#8221;on&#8221; overlay_icon_color=&#8221;#f7f7f7&#8243; hover_overlay_color=&#8221;rgba(234,234,234,0.51)&#8221; hover_icon=&#8221;%%43%%&#8221; admin_label=&#8221;Blog&#8221; _builder_version=&#8221;3.0.94&#8243; header_font_size=&#8221;21&#8243; meta_font=&#8221;|on|||&#8221; box_shadow_style=&#8221;preset1&#8243; box_shadow_vertical=&#8221;1px&#8221; box_shadow_blur=&#8221;5px&#8221; box_shadow_color=&#8221;rgba(0,0,0,.1)&#8221; use_border_color=&#8221;off&#8221; border_color=&#8221;#ffffff&#8221; border_style=&#8221;solid&#8221; use_dropshadow=&#8221;on&#8221;] [\/et_pb_blog][\/et_pb_column][\/et_pb_row][\/et_pb_section]\n","protected":false},"excerpt":{"rendered":"<p>________________________________________________________________ The baritone Alfredo Garc\u00eda was really effective as the owner of a robust instrument, capable of imposing the orchestral masses with authority.\u00a0Opera actual ________________________________________ The baritone Alfredo Garc\u00eda was really effective as the owner of a robust instrument, capable of imposing the orchestral masses with authority.\u00a0Opera actual<\/p>\n","protected":false},"author":1,"featured_media":0,"parent":0,"menu_order":0,"comment_status":"open","ping_status":"closed","template":"","meta":{"_et_pb_use_builder":"on","_et_pb_old_content":"","_et_gb_content_width":"","_mi_skip_tracking":false,"_links_to":"","_links_to_target":""},"yoast_head":"<!-- This site is optimized with the Yoast SEO plugin v20.3 - https:\/\/yoast.com\/wordpress\/plugins\/seo\/ -->\n<title>Pr\u00f3ximos conciertos - Alfredo Garc\u00eda, bar\u00edtono<\/title>\n<meta name=\"description\" content=\"Agenda art\u00edstica del bar\u00edtono Alfredo Garc\u00eda con los lugares y fechas en donde actuar\u00e1 pr\u00f3ximamente.\" \/>\n<meta name=\"robots\" content=\"index, follow, max-snippet:-1, max-image-preview:large, max-video-preview:-1\" \/>\n<link rel=\"canonical\" href=\"https:\/\/alfredogarcia.com\/english\/next-concerts\/\" \/>\n<meta property=\"og:locale\" content=\"en_US\" \/>\n<meta property=\"og:type\" content=\"article\" \/>\n<meta property=\"og:title\" content=\"Pr\u00f3ximos conciertos - Alfredo Garc\u00eda, bar\u00edtono\" \/>\n<meta property=\"og:description\" content=\"Agenda art\u00edstica del bar\u00edtono Alfredo Garc\u00eda con los lugares y fechas en donde actuar\u00e1 pr\u00f3ximamente.\" \/>\n<meta property=\"og:url\" content=\"https:\/\/alfredogarcia.com\/english\/next-concerts\/\" \/>\n<meta property=\"og:site_name\" content=\"Alfredo Garc\u00eda\" \/>\n<meta property=\"article:modified_time\" content=\"2019-11-03T17:23:44+00:00\" \/>\n<meta name=\"twitter:card\" content=\"summary_large_image\" \/>\n<meta name=\"twitter:label1\" content=\"Est. reading time\" \/>\n\t<meta name=\"twitter:data1\" content=\"4 minutes\" \/>\n<script type=\"application\/ld+json\" class=\"yoast-schema-graph\">{\"@context\":\"https:\/\/schema.org\",\"@graph\":[{\"@type\":\"WebPage\",\"@id\":\"https:\/\/alfredogarcia.com\/english\/next-concerts\/\",\"url\":\"https:\/\/alfredogarcia.com\/english\/next-concerts\/\",\"name\":\"Pr\u00f3ximos conciertos - Alfredo Garc\u00eda, bar\u00edtono\",\"isPartOf\":{\"@id\":\"https:\/\/alfredogarcia.com\/english\/#website\"},\"datePublished\":\"2015-01-04T11:53:17+00:00\",\"dateModified\":\"2019-11-03T17:23:44+00:00\",\"description\":\"Agenda art\u00edstica del bar\u00edtono Alfredo Garc\u00eda con los lugares y fechas en donde actuar\u00e1 pr\u00f3ximamente.\",\"breadcrumb\":{\"@id\":\"https:\/\/alfredogarcia.com\/english\/next-concerts\/#breadcrumb\"},\"inLanguage\":\"en-US\",\"potentialAction\":[{\"@type\":\"ReadAction\",\"target\":[\"https:\/\/alfredogarcia.com\/english\/next-concerts\/\"]}]},{\"@type\":\"BreadcrumbList\",\"@id\":\"https:\/\/alfredogarcia.com\/english\/next-concerts\/#breadcrumb\",\"itemListElement\":[{\"@type\":\"ListItem\",\"position\":1,\"name\":\"Portada\",\"item\":\"https:\/\/alfredogarcia.com\/english\/\"},{\"@type\":\"ListItem\",\"position\":2,\"name\":\"Next concerts\"}]},{\"@type\":\"WebSite\",\"@id\":\"https:\/\/alfredogarcia.com\/english\/#website\",\"url\":\"https:\/\/alfredogarcia.com\/english\/\",\"name\":\"Alfredo Garc\u00eda\",\"description\":\"Bar\u00edtone\",\"potentialAction\":[{\"@type\":\"SearchAction\",\"target\":{\"@type\":\"EntryPoint\",\"urlTemplate\":\"https:\/\/alfredogarcia.com\/english\/?s={search_term_string}\"},\"query-input\":\"required name=search_term_string\"}],\"inLanguage\":\"en-US\"}]}<\/script>\n<!-- \/ Yoast SEO plugin. -->","yoast_head_json":{"title":"Pr\u00f3ximos conciertos - Alfredo Garc\u00eda, bar\u00edtono","description":"Agenda art\u00edstica del bar\u00edtono Alfredo Garc\u00eda con los lugares y fechas en donde actuar\u00e1 pr\u00f3ximamente.","robots":{"index":"index","follow":"follow","max-snippet":"max-snippet:-1","max-image-preview":"max-image-preview:large","max-video-preview":"max-video-preview:-1"},"canonical":"https:\/\/alfredogarcia.com\/english\/next-concerts\/","og_locale":"en_US","og_type":"article","og_title":"Pr\u00f3ximos conciertos - Alfredo Garc\u00eda, bar\u00edtono","og_description":"Agenda art\u00edstica del bar\u00edtono Alfredo Garc\u00eda con los lugares y fechas en donde actuar\u00e1 pr\u00f3ximamente.","og_url":"https:\/\/alfredogarcia.com\/english\/next-concerts\/","og_site_name":"Alfredo Garc\u00eda","article_modified_time":"2019-11-03T17:23:44+00:00","twitter_card":"summary_large_image","twitter_misc":{"Est. reading time":"4 minutes"},"schema":{"@context":"https:\/\/schema.org","@graph":[{"@type":"WebPage","@id":"https:\/\/alfredogarcia.com\/english\/next-concerts\/","url":"https:\/\/alfredogarcia.com\/english\/next-concerts\/","name":"Pr\u00f3ximos conciertos - Alfredo Garc\u00eda, bar\u00edtono","isPartOf":{"@id":"https:\/\/alfredogarcia.com\/english\/#website"},"datePublished":"2015-01-04T11:53:17+00:00","dateModified":"2019-11-03T17:23:44+00:00","description":"Agenda art\u00edstica del bar\u00edtono Alfredo Garc\u00eda con los lugares y fechas en donde actuar\u00e1 pr\u00f3ximamente.","breadcrumb":{"@id":"https:\/\/alfredogarcia.com\/english\/next-concerts\/#breadcrumb"},"inLanguage":"en-US","potentialAction":[{"@type":"ReadAction","target":["https:\/\/alfredogarcia.com\/english\/next-concerts\/"]}]},{"@type":"BreadcrumbList","@id":"https:\/\/alfredogarcia.com\/english\/next-concerts\/#breadcrumb","itemListElement":[{"@type":"ListItem","position":1,"name":"Portada","item":"https:\/\/alfredogarcia.com\/english\/"},{"@type":"ListItem","position":2,"name":"Next concerts"}]},{"@type":"WebSite","@id":"https:\/\/alfredogarcia.com\/english\/#website","url":"https:\/\/alfredogarcia.com\/english\/","name":"Alfredo Garc\u00eda","description":"Bar\u00edtone","potentialAction":[{"@type":"SearchAction","target":{"@type":"EntryPoint","urlTemplate":"https:\/\/alfredogarcia.com\/english\/?s={search_term_string}"},"query-input":"required name=search_term_string"}],"inLanguage":"en-US"}]}},"_links":{"self":[{"href":"https:\/\/alfredogarcia.com\/english\/wp-json\/wp\/v2\/pages\/53"}],"collection":[{"href":"https:\/\/alfredogarcia.com\/english\/wp-json\/wp\/v2\/pages"}],"about":[{"href":"https:\/\/alfredogarcia.com\/english\/wp-json\/wp\/v2\/types\/page"}],"author":[{"embeddable":true,"href":"https:\/\/alfredogarcia.com\/english\/wp-json\/wp\/v2\/users\/1"}],"replies":[{"embeddable":true,"href":"https:\/\/alfredogarcia.com\/english\/wp-json\/wp\/v2\/comments?post=53"}],"version-history":[{"count":26,"href":"https:\/\/alfredogarcia.com\/english\/wp-json\/wp\/v2\/pages\/53\/revisions"}],"predecessor-version":[{"id":210065,"href":"https:\/\/alfredogarcia.com\/english\/wp-json\/wp\/v2\/pages\/53\/revisions\/210065"}],"wp:attachment":[{"href":"https:\/\/alfredogarcia.com\/english\/wp-json\/wp\/v2\/media?parent=53"}],"curies":[{"name":"wp","href":"https:\/\/api.w.org\/{rel}","templated":true}]}}